{"id":10,"date":"2020-05-08T19:20:45","date_gmt":"2020-05-08T18:20:45","guid":{"rendered":"http:\/\/xn--drk-drpen-47a.de\/?page_id=10"},"modified":"2026-02-20T12:17:13","modified_gmt":"2026-02-20T11:17:13","slug":"home","status":"publish","type":"page","link":"https:\/\/xn--drk-drpen-47a.de\/","title":{"rendered":"Herzlich Willkommen auf der Homepage des DRK Ortsverein D\u00f6rpen e.V."},"content":{"rendered":"<h2><\/h2>\n<h2><\/h2>\n<h2 style=\"text-align: center;\"><span style=\"color: #0000ff;\">Aufgrund vermehrter Anfragen<\/span><\/h2>\n<p>Durch die Verm\u00fcllung vor und in den Altkleidercontainer und die angespannte Situation im Altkleidermarkt\u00a0 haben wir uns entschlossen die Container abzubauen.<\/p>\n<p>Leider ist der Landkreis nicht bereit uns bei der Entsorgung des M\u00fclls entgegen zu kommen. Im Gegenteil, uns gegen\u00fcber wurde ge\u00e4u\u00dfert, das wir auch den M\u00fcll der im Umfeld der Container liegt, auf unsere Kosten entsorgen m\u00fcssen. Weder die Arbeit noch die Kosten wollen und k\u00f6nnen wir uns nicht antun.<\/p>\n<p>Kleiderspenden von guter und wieder verwendbare Kleidung nehmen wir nur noch direkt in der Kleiderkammer an. Die Verwertbarkeit wird dabei kontrolliert.<\/p>\n<h4 style=\"text-align: center;\"><a href=\"https:\/\/xn--drk-drpen-47a.de\/?attachment_id=852\" rel=\"attachment wp-att-852\"><img loading=\"lazy\" decoding=\"async\" class=\"wp-image-852 aligncenter\" src=\"https:\/\/xn--drk-drpen-47a.de\/wp-content\/uploads\/2026\/02\/20251007_160829-scaled.jpg\" alt=\"\" width=\"453\" height=\"604\" srcset=\"https:\/\/xn--drk-drpen-47a.de\/wp-content\/uploads\/2026\/02\/20251007_160829-scaled.jpg 1920w, https:\/\/xn--drk-drpen-47a.de\/wp-content\/uploads\/2026\/02\/20251007_160829-225x300.jpg 225w, https:\/\/xn--drk-drpen-47a.de\/wp-content\/uploads\/2026\/02\/20251007_160829-768x1024.jpg 768w, https:\/\/xn--drk-drpen-47a.de\/wp-content\/uploads\/2026\/02\/20251007_160829-1152x1536.jpg 1152w, https:\/\/xn--drk-drpen-47a.de\/wp-content\/uploads\/2026\/02\/20251007_160829-1536x2048.jpg 1536w\" sizes=\"(max-width: 453px) 100vw, 453px\" \/><span style=\"color: #000000;\">Der M\u00fcll auf dem Anh\u00e4nger stammt aus ein Altkleidercontainer<\/span><\/a><\/h4>\n<p>&nbsp;<\/p>\n<h2 style=\"text-align: center;\"><span style=\"color: #0000ff;\">03\/04 Januar 2026 Unsere Fo<\/span><span style=\"color: #0000ff;\">odbox beim Blutspendetermin in Meppen<\/span><\/h2>\n<h3 style=\"text-align: center;\"><a href=\"https:\/\/xn--drk-drpen-47a.de\/?attachment_id=841\" rel=\"attachment wp-att-841\"><img loading=\"lazy\" decoding=\"async\" class=\"wp-image-841 aligncenter\" src=\"https:\/\/xn--drk-drpen-47a.de\/wp-content\/uploads\/2026\/01\/20260104_124655-scaled.jpg\" alt=\"\" width=\"941\" height=\"706\" srcset=\"https:\/\/xn--drk-drpen-47a.de\/wp-content\/uploads\/2026\/01\/20260104_124655-scaled.jpg 2560w, https:\/\/xn--drk-drpen-47a.de\/wp-content\/uploads\/2026\/01\/20260104_124655-300x225.jpg 300w, https:\/\/xn--drk-drpen-47a.de\/wp-content\/uploads\/2026\/01\/20260104_124655-1024x768.jpg 1024w, https:\/\/xn--drk-drpen-47a.de\/wp-content\/uploads\/2026\/01\/20260104_124655-768x576.jpg 768w, https:\/\/xn--drk-drpen-47a.de\/wp-content\/uploads\/2026\/01\/20260104_124655-1536x1152.jpg 1536w, https:\/\/xn--drk-drpen-47a.de\/wp-content\/uploads\/2026\/01\/20260104_124655-2048x1536.jpg 2048w\" sizes=\"(max-width: 941px) 100vw, 941px\" \/><span style=\"color: #000000;\">Zusammen mit den DRK Ortsverein haben wir ca. 500 Spender mit Essen versorgt<\/span><\/a><\/h3>\n<h2 style=\"text-align: center;\"><span style=\"color: #0000ff;\">12\/13 Dezember 2025 Unser JRK auf dem Weihnachtsmarkt <a href=\"https:\/\/xn--drk-drpen-47a.de\/?attachment_id=840\" rel=\"attachment wp-att-840\"><img loading=\"lazy\" decoding=\"async\" class=\"alignnone wp-image-840\" src=\"https:\/\/xn--drk-drpen-47a.de\/wp-content\/uploads\/2026\/01\/20251213_182851-scaled.jpg\" alt=\"\" width=\"952\" height=\"714\" srcset=\"https:\/\/xn--drk-drpen-47a.de\/wp-content\/uploads\/2026\/01\/20251213_182851-scaled.jpg 2560w, https:\/\/xn--drk-drpen-47a.de\/wp-content\/uploads\/2026\/01\/20251213_182851-300x225.jpg 300w, https:\/\/xn--drk-drpen-47a.de\/wp-content\/uploads\/2026\/01\/20251213_182851-1024x768.jpg 1024w, https:\/\/xn--drk-drpen-47a.de\/wp-content\/uploads\/2026\/01\/20251213_182851-768x576.jpg 768w, https:\/\/xn--drk-drpen-47a.de\/wp-content\/uploads\/2026\/01\/20251213_182851-1536x1152.jpg 1536w, https:\/\/xn--drk-drpen-47a.de\/wp-content\/uploads\/2026\/01\/20251213_182851-2048x1536.jpg 2048w\" sizes=\"(max-width: 952px) 100vw, 952px\" \/><\/a><\/span><\/h2>\n<h1><strong><span style=\"color: #000000;\">Aktuelles:<\/span><\/strong><\/h1>\n<h2 style=\"text-align: center;\"><span style=\"color: #0000ff;\">27.01.2025 Verpflegungseinsatz beim Gro\u00dfbrand in Werpeloh<\/span><\/h2>\n<p style=\"text-align: center;\"><a href=\"https:\/\/xn--drk-drpen-47a.de\/?attachment_id=826\" rel=\"attachment wp-att-826\"><img loading=\"lazy\" decoding=\"async\" class=\"size-full wp-image-826 aligncenter\" src=\"https:\/\/xn--drk-drpen-47a.de\/wp-content\/uploads\/2025\/02\/IMG-20250127-WA0004.jpg\" alt=\"\" width=\"966\" height=\"862\" srcset=\"https:\/\/xn--drk-drpen-47a.de\/wp-content\/uploads\/2025\/02\/IMG-20250127-WA0004.jpg 966w, https:\/\/xn--drk-drpen-47a.de\/wp-content\/uploads\/2025\/02\/IMG-20250127-WA0004-300x268.jpg 300w, https:\/\/xn--drk-drpen-47a.de\/wp-content\/uploads\/2025\/02\/IMG-20250127-WA0004-768x685.jpg 768w\" sizes=\"(max-width: 966px) 100vw, 966px\" \/>Zusammen mit der Bereitschaft aus Lathen und Werlte haben wir die Feuerwehr und weitere Einsatzkr\u00e4fte beim Gro\u00dfbrand in Werpeloh unterst\u00fctzt.\u00a0<\/a><\/p>\n<h3><span style=\"color: #0000ff;\">Teilnehmer aus den\u00a0 DRK Bereitschaften D\u00f6rpen, Lathen, Haren und\u00a0 Herzlake beim Sanit\u00e4tslehrgang in D\u00f6rpen\u00a0<\/span><\/h3>\n<p><a href=\"https:\/\/xn--drk-drpen-47a.de\/?attachment_id=824\" rel=\"attachment wp-att-824\"><img loading=\"lazy\" decoding=\"async\" class=\"alignnone wp-image-824\" src=\"https:\/\/xn--drk-drpen-47a.de\/wp-content\/uploads\/2025\/02\/20250119_092025-scaled.jpg\" alt=\"\" width=\"628\" height=\"353\" srcset=\"https:\/\/xn--drk-drpen-47a.de\/wp-content\/uploads\/2025\/02\/20250119_092025-scaled.jpg 2560w, https:\/\/xn--drk-drpen-47a.de\/wp-content\/uploads\/2025\/02\/20250119_092025-300x169.jpg 300w, https:\/\/xn--drk-drpen-47a.de\/wp-content\/uploads\/2025\/02\/20250119_092025-1024x576.jpg 1024w, https:\/\/xn--drk-drpen-47a.de\/wp-content\/uploads\/2025\/02\/20250119_092025-768x432.jpg 768w, https:\/\/xn--drk-drpen-47a.de\/wp-content\/uploads\/2025\/02\/20250119_092025-1536x864.jpg 1536w, https:\/\/xn--drk-drpen-47a.de\/wp-content\/uploads\/2025\/02\/20250119_092025-2048x1152.jpg 2048w\" sizes=\"(max-width: 628px) 100vw, 628px\" \/>\u00a0 <\/a><a href=\"https:\/\/xn--drk-drpen-47a.de\/?attachment_id=825\" rel=\"attachment wp-att-825\">\u00a0 <img loading=\"lazy\" decoding=\"async\" class=\"alignnone wp-image-825\" src=\"https:\/\/xn--drk-drpen-47a.de\/wp-content\/uploads\/2025\/02\/20250119_094640-scaled.jpg\" alt=\"\" width=\"629\" height=\"354\" srcset=\"https:\/\/xn--drk-drpen-47a.de\/wp-content\/uploads\/2025\/02\/20250119_094640-scaled.jpg 2560w, https:\/\/xn--drk-drpen-47a.de\/wp-content\/uploads\/2025\/02\/20250119_094640-300x169.jpg 300w, https:\/\/xn--drk-drpen-47a.de\/wp-content\/uploads\/2025\/02\/20250119_094640-1024x576.jpg 1024w, https:\/\/xn--drk-drpen-47a.de\/wp-content\/uploads\/2025\/02\/20250119_094640-768x432.jpg 768w, https:\/\/xn--drk-drpen-47a.de\/wp-content\/uploads\/2025\/02\/20250119_094640-1536x864.jpg 1536w, https:\/\/xn--drk-drpen-47a.de\/wp-content\/uploads\/2025\/02\/20250119_094640-2048x1152.jpg 2048w\" sizes=\"(max-width: 629px) 100vw, 629px\" \/><\/a><\/p>\n<p>Sabrina Schulte erkl\u00e4rt den Teilnehmer den Inhalt des Sanit\u00e4tsrucksack\u00a0 \u00a0 \u00a0 \u00a0 \u00a0 \u00a0 \u00a0 \u00a0 \u00a0 \u00a0 \u00a0 \u00a0 \u00a0 \u00a0 \u00a0 \u00a0 \u00a0 \u00a0 \u00a0 \u00a0Die Teilnehmer bei der \u00dcbung zur Herz-Lungen-Wiederbelebung<\/p>\n<h3><\/h3>\n<p><a href=\"https:\/\/xn--drk-drpen-47a.de\/?attachment_id=818\" rel=\"attachment wp-att-818\">Themen Dienstabende 2025<\/a><\/p>\n<h2><span style=\"color: #0000ff;\">Unsere Foodbox ist einsatzbereit<\/span><\/h2>\n<p><a href=\"https:\/\/xn--drk-drpen-47a.de\/?attachment_id=820\" rel=\"attachment wp-att-820\"><img loading=\"lazy\" decoding=\"async\" class=\"alignnone wp-image-820\" src=\"https:\/\/xn--drk-drpen-47a.de\/wp-content\/uploads\/2025\/02\/20240923_192412-Kopie-scaled.jpg\" alt=\"\" width=\"813\" height=\"517\" srcset=\"https:\/\/xn--drk-drpen-47a.de\/wp-content\/uploads\/2025\/02\/20240923_192412-Kopie-scaled.jpg 2560w, https:\/\/xn--drk-drpen-47a.de\/wp-content\/uploads\/2025\/02\/20240923_192412-Kopie-300x191.jpg 300w, https:\/\/xn--drk-drpen-47a.de\/wp-content\/uploads\/2025\/02\/20240923_192412-Kopie-1024x651.jpg 1024w, https:\/\/xn--drk-drpen-47a.de\/wp-content\/uploads\/2025\/02\/20240923_192412-Kopie-768x488.jpg 768w, https:\/\/xn--drk-drpen-47a.de\/wp-content\/uploads\/2025\/02\/20240923_192412-Kopie-1536x977.jpg 1536w, https:\/\/xn--drk-drpen-47a.de\/wp-content\/uploads\/2025\/02\/20240923_192412-Kopie-2048x1302.jpg 2048w\" sizes=\"(max-width: 813px) 100vw, 813px\" \/><\/a><\/p>\n<p>Seit Oktober 2024 verf\u00fcgt der Ortsverein D\u00f6rpen \u00fcber eine eigene Foodbox<\/p>\n<p>Mit Hilfe des Anh\u00e4ngers k\u00f6nnen wir an ausgesuchten Terminen den Blutspendern eine frische, warme Mahlzeit zubereiten.<br \/>\nAu\u00dferdem sind wir in der Lage mit der DRK Bereitschaft Lathen und Werlte im Schadenfall (Br\u00e4nde, Evakuierungen) die Einsatzkr\u00e4fte und Betroffene mit kalten und warmen Speisen zu versorgen.<\/p>\n<h2 style=\"text-align: center;\"><strong>_________________________________________________________________________<\/strong><\/h2>\n<p><a href=\"https:\/\/xn--drk-drpen-47a.de\/?page_id=42\">Datenschutz<\/a><\/p>\n<p><a href=\"https:\/\/xn--drk-drpen-47a.de\/?page_id=42\">Impressum<\/a><\/p>\n","protected":false},"excerpt":{"rendered":"<p>Aufgrund vermehrter Anfragen Durch die Verm\u00fcllung vor und in den Altkleidercontainer und die angespannte Situation im Altkleidermarkt\u00a0 haben wir uns entschlossen die Container abzubauen. Leider ist der Landkreis nicht bereit uns bei der Entsorgung des M\u00fclls entgegen zu kommen. Im Gegenteil, uns gegen\u00fcber wurde ge\u00e4u\u00dfert, das wir auch den M\u00fcll der im Umfeld der Container &hellip; <a href=\"https:\/\/xn--drk-drpen-47a.de\/\">Continued<\/a><\/p>\n","protected":false},"author":1,"featured_media":0,"parent":0,"menu_order":1,"comment_status":"closed","ping_status":"closed","template":"","meta":{"footnotes":""},"_links":{"self":[{"href":"https:\/\/xn--drk-drpen-47a.de\/index.php?rest_route=\/wp\/v2\/pages\/10"}],"collection":[{"href":"https:\/\/xn--drk-drpen-47a.de\/index.php?rest_route=\/wp\/v2\/pages"}],"about":[{"href":"https:\/\/xn--drk-drpen-47a.de\/index.php?rest_route=\/wp\/v2\/types\/page"}],"author":[{"embeddable":true,"href":"https:\/\/xn--drk-drpen-47a.de\/index.php?rest_route=\/wp\/v2\/users\/1"}],"replies":[{"embeddable":true,"href":"https:\/\/xn--drk-drpen-47a.de\/index.php?rest_route=%2Fwp%2Fv2%2Fcomments&post=10"}],"version-history":[{"count":100,"href":"https:\/\/xn--drk-drpen-47a.de\/index.php?rest_route=\/wp\/v2\/pages\/10\/revisions"}],"predecessor-version":[{"id":853,"href":"https:\/\/xn--drk-drpen-47a.de\/index.php?rest_route=\/wp\/v2\/pages\/10\/revisions\/853"}],"wp:attachment":[{"href":"https:\/\/xn--drk-drpen-47a.de\/index.php?rest_route=%2Fwp%2Fv2%2Fmedia&parent=10"}],"curies":[{"name":"wp","href":"https:\/\/api.w.org\/{rel}","templated":true}]}}