{"id":151,"date":"2020-05-13T21:02:39","date_gmt":"2020-05-13T20:02:39","guid":{"rendered":"http:\/\/xn--drk-drpen-47a.de\/?page_id=151"},"modified":"2020-06-02T10:20:21","modified_gmt":"2020-06-02T09:20:21","slug":"das-drk","status":"publish","type":"page","link":"https:\/\/xn--drk-drpen-47a.de\/?page_id=151","title":{"rendered":"Das DRK"},"content":{"rendered":"<h1 class=\"o-cms-content__headline\">Die Grunds\u00e4tze des Roten Kreuzes und Roten Halbmondes<\/h1>\n<h1 style=\"text-align: center;\"><img loading=\"lazy\" decoding=\"async\" src=\"https:\/\/www.drk-emsland.de\/fileadmin\/Bilder_und_Videos\/Das_DRK\/Rot_Kreuz_Grundsaetze\/Menschlichkeit_RGB_pos_L.png\" width=\"216\" height=\"216\" \/> \u00a0<img loading=\"lazy\" decoding=\"async\" src=\"https:\/\/www.drk-emsland.de\/fileadmin\/Bilder_und_Videos\/Das_DRK\/Rot_Kreuz_Grundsaetze\/Unparteilichkeit_RGB_pos_L.png\" width=\"220\" height=\"220\" \/>\u00a0 <img loading=\"lazy\" decoding=\"async\" src=\"https:\/\/www.drk-emsland.de\/fileadmin\/Bilder_und_Videos\/Das_DRK\/Rot_Kreuz_Grundsaetze\/Neutralitaet_RGB_pos_L.png\" width=\"215\" height=\"215\" \/>\u00a0 <img loading=\"lazy\" decoding=\"async\" src=\"https:\/\/www.drk-emsland.de\/fileadmin\/Bilder_und_Videos\/Das_DRK\/Rot_Kreuz_Grundsaetze\/Unabhaengigkeit_RGB_pos_L.png\" width=\"218\" height=\"218\" \/> <img loading=\"lazy\" decoding=\"async\" class=\"\" src=\"https:\/\/www.drk-emsland.de\/fileadmin\/Bilder_und_Videos\/Das_DRK\/Rot_Kreuz_Grundsaetze\/Freiwilligkeit_RGB_pos_L.png\" width=\"220\" height=\"220\" \/> <img loading=\"lazy\" decoding=\"async\" src=\"https:\/\/www.drk-emsland.de\/fileadmin\/Bilder_und_Videos\/Das_DRK\/Rot_Kreuz_Grundsaetze\/Einheit_RGB_pos_L.png\" width=\"208\" height=\"208\" \/>\u00a0 <img loading=\"lazy\" decoding=\"async\" src=\"https:\/\/www.drk-emsland.de\/fileadmin\/Bilder_und_Videos\/Das_DRK\/Rot_Kreuz_Grundsaetze\/Universalitaet_RGB_pos_L.png\" width=\"215\" height=\"215\" \/><\/h1>\n<p>Die Grunds\u00e4tze wurden von der XX. Internationalen Rotkreuzkonferenz 1965 in Wien proklamiert. Der vorliegende angepasste Text ist in den Statuten der Internationalen Rotkreuz- und Rothalbmondbewegung enthalten, die von der XXV. Internationalen Rotkreuzkonferenz 1986 in Genf angenommen wurden. Die abgebildeten Piktogramme wurden durch das DRK 2015 anl\u00e4sslich des 50-j\u00e4hrigen Jubil\u00e4ums der Annahme der Grunds\u00e4tze entwickelt und sind im Gegensatz zu dem Text nicht durch die Statuten der Bewegung festgelegt. Sie basieren auf einem verbandsinternen Wettbewerb. <a href=\"https:\/\/www.drk-emsland.de\/das-drk\/selbstverstaendnis\/grundsaetze.html\" target=\"_blank\" rel=\"noopener noreferrer\">Weiterlesen&#8230;<\/a><\/p>\n<p>&nbsp;<\/p>\n<header class=\"c-article__header o-section__header\">\n<div id=\"c6780\" class=\"o-cms-content\">\n<h1 class=\"o-cms-content__headline\">Leitbild des Deutschen Roten Kreuzes<\/h1>\n<p><img loading=\"lazy\" decoding=\"async\" class=\"aligncenter\" src=\"https:\/\/www.drk-emsland.de\/fileadmin\/Bilder_und_Videos\/Das_DRK\/buehnenbild_leitbild_.jpg\" alt=\"buehnenbild_leitbild_.jpg\" width=\"956\" height=\"319\" \/><\/p>\n<\/div>\n<\/header>\n<div class=\"c-page-body__column c-page-body__column--main\">\n<div id=\"c10142\" class=\"o-cms-content\">\n<div class=\"o-cms-content__body\">\n<div class=\"o-media o-media--stacked\">\n<div class=\"o-media__body\">\n<p>Wir vom Roten Kreuz sind Teil einer weltweiten Gemeinschaft von Menschen in der internationalen Rotkreuz und Rothalbmondbewegung, die Opfern von Konflikten und Katastrophen sowie anderen hilfsbed\u00fcrftigen Menschen unterschiedslos Hilfe gew\u00e4hrt, allein nach dem Ma\u00df ihrer Not.\u00a0 Im Zeichen der Menschlichkeit setzen wir uns f\u00fcr das Leben, die Gesundheit, das Wohlergehen, den Schutz, das friedliche Zusammenleben und die W\u00fcrde aller Menschen ein. <a href=\"https:\/\/www.drk-emsland.de\/das-drk\/selbstverstaendnis\/leitbild.html\" target=\"_blank\" rel=\"noopener noreferrer\">Weiterlesen&#8230;<\/a><\/p>\n<\/div>\n<\/div>\n<\/div>\n<\/div>\n<\/div>\n<div id=\"c119\" class=\"o-cms-content\">\n<h1><\/h1>\n<h1 class=\"o-cms-content__headline\">Auftrag: das Humanit\u00e4re V\u00f6lkerrecht<\/h1>\n<h1><img loading=\"lazy\" decoding=\"async\" class=\"aligncenter\" src=\"https:\/\/www.drk-emsland.de\/fileadmin\/Bilder_und_Videos\/Das_DRK\/Auftrag\/buehnenbild_auftrag_zelck_drk.jpg\" alt=\"buehnenbild_auftrag_zelck_drk.jpg\" width=\"956\" height=\"319\" \/><\/h1>\n<\/div>\n<div id=\"c4641\" class=\"o-cms-content\">\n<div class=\"o-cms-content__body\">\n<div class=\"o-media o-media--stacked\">\n<div class=\"o-media__body\">\n<p>Es ist Aufgabe des Roten Kreuzes, die Regeln des humanit\u00e4ren V\u00f6lkerrechts zu verbreiten, damit die Teilnehmer bewaffneter Konflikte sie im Ernstfall kennen und umsetzen k\u00f6nnen. Au\u00dferdem ist es Teil seines Auftrags, die Einhaltung des humanit\u00e4ren V\u00f6lkerrechts durch die Parteien eines bewaffneten Konfliktes einzufordern. <a href=\"https:\/\/www.drk-emsland.de\/das-drk\/selbstverstaendnis\/auftrag.html\" target=\"_blank\" rel=\"noopener noreferrer\">Weiterlesen&#8230;<\/a><\/p>\n<\/div>\n<\/div>\n<header class=\"c-article__header o-section__header\">\n<div id=\"c18060\" class=\"o-cms-content\">\n<h1><\/h1>\n<h1 class=\"o-cms-content__headline\">Die Geschichte des Roten Kreuzes<\/h1>\n<h1><img loading=\"lazy\" decoding=\"async\" class=\"aligncenter\" src=\"https:\/\/www.drk-emsland.de\/fileadmin\/Bilder_und_Videos\/Das_DRK\/Geschichte\/buehnenbild_Souvenir-de-Solferino.jpg\" alt=\"Foto des Buchs &quot;Un Souvenir de Solferino&quot; von Henry Dunant\" width=\"947\" height=\"316\" \/><\/h1>\n<\/div>\n<\/header>\n<div class=\"c-page-body__column c-page-body__column--main\">\n<div id=\"c18071\" class=\"o-cms-content\">\n<div class=\"o-cms-content__body\">\n<div class=\"o-media o-media--stacked\">\n<div class=\"o-media__body\">\n<p>Die Geschichte des Deutschen Roten Kreuzes ist mehr als 150 Jahre alt. So wurde 1863 in Baden-W\u00fcrttemberg die erste Rotkreuzgesellschaft der Welt gegr\u00fcndet. Die Idee, Menschen allein nach dem Ma\u00df der Not zu helfen, ohne auf Hautfarbe, Religion oder Nationalit\u00e4t zu achten, geht auf den Schweizer Henry Dunant zur\u00fcck. <a href=\"https:\/\/www.drk-emsland.de\/das-drk\/selbstverstaendnis\/geschichte.html\" target=\"_blank\" rel=\"noopener noreferrer\">Weiterlesen&#8230;<\/a><\/p>\n<\/div>\n<\/div>\n<\/div>\n<\/div>\n<\/div>\n<\/div>\n<\/div>\n","protected":false},"excerpt":{"rendered":"<p>Die Grunds\u00e4tze des Roten Kreuzes und Roten Halbmondes \u00a0\u00a0 \u00a0 \u00a0 Die Grunds\u00e4tze wurden von der XX. Internationalen Rotkreuzkonferenz 1965 in Wien proklamiert. Der vorliegende angepasste Text ist in den Statuten der Internationalen Rotkreuz- und Rothalbmondbewegung enthalten, die von der XXV. Internationalen Rotkreuzkonferenz 1986 in Genf angenommen wurden. Die abgebildeten Piktogramme wurden durch das DRK &hellip; <a href=\"https:\/\/xn--drk-drpen-47a.de\/?page_id=151\">Continued<\/a><\/p>\n","protected":false},"author":1,"featured_media":0,"parent":0,"menu_order":0,"comment_status":"closed","ping_status":"closed","template":"","meta":{"footnotes":""},"_links":{"self":[{"href":"https:\/\/xn--drk-drpen-47a.de\/index.php?rest_route=\/wp\/v2\/pages\/151"}],"collection":[{"href":"https:\/\/xn--drk-drpen-47a.de\/index.php?rest_route=\/wp\/v2\/pages"}],"about":[{"href":"https:\/\/xn--drk-drpen-47a.de\/index.php?rest_route=\/wp\/v2\/types\/page"}],"author":[{"embeddable":true,"href":"https:\/\/xn--drk-drpen-47a.de\/index.php?rest_route=\/wp\/v2\/users\/1"}],"replies":[{"embeddable":true,"href":"https:\/\/xn--drk-drpen-47a.de\/index.php?rest_route=%2Fwp%2Fv2%2Fcomments&post=151"}],"version-history":[{"count":4,"href":"https:\/\/xn--drk-drpen-47a.de\/index.php?rest_route=\/wp\/v2\/pages\/151\/revisions"}],"predecessor-version":[{"id":407,"href":"https:\/\/xn--drk-drpen-47a.de\/index.php?rest_route=\/wp\/v2\/pages\/151\/revisions\/407"}],"wp:attachment":[{"href":"https:\/\/xn--drk-drpen-47a.de\/index.php?rest_route=%2Fwp%2Fv2%2Fmedia&parent=151"}],"curies":[{"name":"wp","href":"https:\/\/api.w.org\/{rel}","templated":true}]}}