{"id":258,"date":"2020-06-02T08:30:02","date_gmt":"2020-06-02T07:30:02","guid":{"rendered":"http:\/\/xn--drk-drpen-47a.de\/?page_id=258"},"modified":"2026-02-05T18:52:00","modified_gmt":"2026-02-05T17:52:00","slug":"vorstand-des-drk-ortsvereins-doerpen","status":"publish","type":"page","link":"https:\/\/xn--drk-drpen-47a.de\/?page_id=258","title":{"rendered":"Vorstand"},"content":{"rendered":"\r\n<p class=\"wp-block-verse\">Mit der Wahl des neuen Vorstandes am 02. Juni 2020 \u00fcbernehmen nach langer Zeit neue Gesichter die Leitung des Ortsvereins in D\u00f6rpen. Es finden regelm\u00e4\u00dfig Treffen statt, um sich \u00fcber neue Entwicklungen und Ideen aus zu tauschen.<\/p>\r\n\r\n\r\n\r\n<div class=\"wp-block-group alignwide\"><div class=\"wp-block-group__inner-container is-layout-flow wp-block-group-is-layout-flow\"><div class=\"wp-block-image\">\r\n<figure class=\"aligncenter\"><img loading=\"lazy\" decoding=\"async\" width=\"342\" height=\"439\" class=\"wp-image-417\" src=\"https:\/\/xn--drk-drpen-47a.de\/wp-content\/uploads\/2020\/06\/2017_01_15_ND48954-2_Harald_Heinrich-1.jpg\" alt=\"\" srcset=\"https:\/\/xn--drk-drpen-47a.de\/wp-content\/uploads\/2020\/06\/2017_01_15_ND48954-2_Harald_Heinrich-1.jpg 342w, https:\/\/xn--drk-drpen-47a.de\/wp-content\/uploads\/2020\/06\/2017_01_15_ND48954-2_Harald_Heinrich-1-234x300.jpg 234w\" sizes=\"(max-width: 342px) 100vw, 342px\" \/><\/figure><\/div><\/div><\/div>\r\n\r\n\r\n\r\n<h2 class=\"has-text-align-center wp-block-heading\">Harald Heinrich<\/h2>\r\n\r\n\r\n\r\n<p class=\"has-text-align-center\">Vorsitzender<\/p>\r\n\r\n\r\n\r\n<p>&nbsp;<\/p>\r\n\r\n\r\n\r\n<div class=\"wp-block-image\">\r\n<figure class=\"aligncenter size-large is-resized\">\u00a0 \u00a0 \u00a0 \u00a0 \u00a0 \u00a0 \u00a0 \u00a0 \u00a0 \u00a0 \u00a0 \u00a0 \u00a0 \u00a0 \u00a0 \u00a0 \u00a0 \u00a0 \u00a0 \u00a0 \u00a0 \u00a0 \u00a0 \u00a0 \u00a0\u00a0 <img loading=\"lazy\" decoding=\"async\" class=\"wp-image-430 alignnone\" title=\"HHF\" src=\"https:\/\/xn--drk-drpen-47a.de\/wp-content\/uploads\/2020\/06\/Funke-5-1.jpg\" alt=\"\" width=\"341\" height=\"477\" srcset=\"https:\/\/xn--drk-drpen-47a.de\/wp-content\/uploads\/2020\/06\/Funke-5-1.jpg 732w, https:\/\/xn--drk-drpen-47a.de\/wp-content\/uploads\/2020\/06\/Funke-5-1-214x300.jpg 214w\" sizes=\"(max-width: 341px) 100vw, 341px\" \/><\/figure>\r\n<\/div>\r\n\r\n\r\n\r\n<h2 class=\"has-text-align-center wp-block-heading\">Hans-Hermann Funke<\/h2>\r\n\r\n\r\n\r\n<p class=\"has-text-align-center\">stellv. Vorsitzender<\/p>\r\n\r\n\r\n\r\n<p>&nbsp;<\/p>\r\n\r\n\r\n\r\n<h2 class=\"has-text-align-center wp-block-heading\">Monika <strong>Kukulies<\/strong><\/h2>\r\n\r\n\r\n\r\n<p class=\"has-text-align-center\">Schatzmeister<\/p>\r\n\r\n\r\n\r\n<p>&nbsp;<\/p>\r\n\r\n\r\n\r\n<div class=\"wp-block-group\"><div class=\"wp-block-group__inner-container is-layout-flow wp-block-group-is-layout-flow\">\r\n<h4 class=\"wp-block-verse wp-block-heading\"><strong>Ortsleiter JRK:<\/strong> Jan Gr\u00fcnloh<\/h4>\r\n\r\n\r\n\r\n<h4 class=\"wp-block-verse wp-block-heading\"><strong>Schriftf\u00fchrer:<\/strong> Jasmin Kr\u00f6mer<\/h4>\r\n\r\n\r\n\r\n<h4 class=\"wp-block-verse wp-block-heading\"><strong>Beisitzer:<\/strong> Svetlana Becker (Kleiderkammer)<\/h4>\r\n\r\n\r\n\r\n<h4 class=\"wp-block-verse wp-block-heading\"><strong>Kassenpr\u00fcfer:<\/strong> Maria Hunfeld und der DRK Kreisverband Emsland<\/h4>\r\n<\/div><\/div>\r\n\r\n\r\n\r\n<pre class=\"wp-block-verse\">\u00a0<\/pre>\r\n\r\n\r\n\r\n<p>&nbsp;<\/p>\r\n","protected":false},"excerpt":{"rendered":"<p>Mit der Wahl des neuen Vorstandes am 02. Juni 2020 \u00fcbernehmen nach langer Zeit neue Gesichter die Leitung des Ortsvereins in D\u00f6rpen. Es finden regelm\u00e4\u00dfig Treffen statt, um sich \u00fcber neue Entwicklungen und Ideen aus zu tauschen. Harald Heinrich Vorsitzender &nbsp; \u00a0 \u00a0 \u00a0 \u00a0 \u00a0 \u00a0 \u00a0 \u00a0 \u00a0 \u00a0 \u00a0 \u00a0 \u00a0 \u00a0 &hellip; <a href=\"https:\/\/xn--drk-drpen-47a.de\/?page_id=258\">Continued<\/a><\/p>\n","protected":false},"author":1,"featured_media":0,"parent":147,"menu_order":0,"comment_status":"closed","ping_status":"closed","template":"template-custom.php","meta":{"footnotes":""},"_links":{"self":[{"href":"https:\/\/xn--drk-drpen-47a.de\/index.php?rest_route=\/wp\/v2\/pages\/258"}],"collection":[{"href":"https:\/\/xn--drk-drpen-47a.de\/index.php?rest_route=\/wp\/v2\/pages"}],"about":[{"href":"https:\/\/xn--drk-drpen-47a.de\/index.php?rest_route=\/wp\/v2\/types\/page"}],"author":[{"embeddable":true,"href":"https:\/\/xn--drk-drpen-47a.de\/index.php?rest_route=\/wp\/v2\/users\/1"}],"replies":[{"embeddable":true,"href":"https:\/\/xn--drk-drpen-47a.de\/index.php?rest_route=%2Fwp%2Fv2%2Fcomments&post=258"}],"version-history":[{"count":22,"href":"https:\/\/xn--drk-drpen-47a.de\/index.php?rest_route=\/wp\/v2\/pages\/258\/revisions"}],"predecessor-version":[{"id":846,"href":"https:\/\/xn--drk-drpen-47a.de\/index.php?rest_route=\/wp\/v2\/pages\/258\/revisions\/846"}],"up":[{"embeddable":true,"href":"https:\/\/xn--drk-drpen-47a.de\/index.php?rest_route=\/wp\/v2\/pages\/147"}],"wp:attachment":[{"href":"https:\/\/xn--drk-drpen-47a.de\/index.php?rest_route=%2Fwp%2Fv2%2Fmedia&parent=258"}],"curies":[{"name":"wp","href":"https:\/\/api.w.org\/{rel}","templated":true}]}}