{"id":30,"date":"2020-05-09T16:34:25","date_gmt":"2020-05-09T15:34:25","guid":{"rendered":"http:\/\/xn--drk-drpen-47a.de\/?page_id=30"},"modified":"2021-05-13T12:20:44","modified_gmt":"2021-05-13T11:20:44","slug":"blutspende","status":"publish","type":"page","link":"https:\/\/xn--drk-drpen-47a.de\/?page_id=30","title":{"rendered":"Blutspende"},"content":{"rendered":"\r\n<div class=\"wp-block-group is-layout-flow wp-block-group-is-layout-flow\">\r\n<div class=\"wp-block-group__inner-container\">\r\n<p>T\u00e4glich werden in Deutschland rund 15.000 Blutspenden ben\u00f6tigt. Die sechs DRK-Blutspendedienste in Deutschland sorgen f\u00fcr eine sichere und gesicherte Versorgung mit Blut sowie Blutpr\u00e4paraten rund um die Uhr an 365 Tagen im Jahr. Im Emsland sorgen die DRK-Ortsvereine und auch der Kreisverband f\u00fcr die Organisation und Umsetzung der zahlreichen <a href=\"https:\/\/www.drk-blutspende.de\/blutspendetermine\/\">Termine<\/a>, bei denen Freiwillige ihre Spende abgeben.<\/p>\r\n<p><strong>Blutspender sind ganz besondere Menschen, denn sie \u00fcbernehmen mit ihrer Blutspende gesellschaftliches Engagement und damit Verantwortung. Ihnen gilt unser ganz besonderer Dank \u2013 Tag f\u00fcr Tag.<\/strong><\/p>\r\n<div id=\"c17920\" class=\"o-cms-content\">\r\n<h3><span style=\"color: #ff0000;\"><strong>Gemeinn\u00fctzigkeit der Blutspenden<\/strong><\/span><\/h3>\r\n<div class=\"o-cms-content__body\">\r\n<div class=\"o-media o-media--stacked\">\r\n<div class=\"o-media__body\">\r\n<p>Der <a class=\"external-link-new-window\" title=\"\u00d6ffnet internen Link im aktuellen Fenster\" href=\"https:\/\/www.blutspende-nstob.de\/Default.aspx\" target=\"_blank\" rel=\"noopener noreferrer\">Blutspendedienst NSTOB<\/a>, der unter anderem f\u00fcr den Bereich Niedersachsen verantwortlich ist, hat eine Stellungnahme zum Thema Gemeinn\u00fctzigkeit der Blutspenden verfasst. Sie kann <a class=\"external-link-new-window\" title=\"\u00d6ffnet internen Link im aktuellen Fenster\" href=\"https:\/\/www.blutspende-nstob.de\/Indoor\/Blutspendedienst\/Unternehmen\/Gemeinn%C3%BCtzigkeit\/%C3%9Cber%20die%20Gemeinn%C3%BCtzigkeit%20und%20gesellschaftliche%20Verantwortung%20des%20DRK-Blutspendedienstes%20NSTOB.docx\" target=\"_blank\" rel=\"noopener noreferrer\">hier <\/a>nachgelesen werden.<\/p>\r\n<\/div>\r\n<\/div>\r\n<\/div>\r\n<\/div>\r\n<div id=\"c18255\" class=\"o-cms-content\">\r\n<h4>\u00a0<\/h4>\r\n<h4><span style=\"color: #ff0000;\">Ablauf einer Blutspende<\/span><\/h4>\r\n<div class=\"o-cms-content__body\">\r\n<div class=\"o-media o-media--stacked\">\r\n<div class=\"o-media__body\">\r\n<div class=\"csc-default\">\r\n<p>Blutspendern ist das Verfahren bereits bekannt. Wer jedoch zum ersten Mal spendet oder noch nicht ganz entschlossen ist, hat wahrscheinlich viele Fragen oder auch Bedenken. Was passiert bei einer Blutspende eigentlich genau? Wie lange dauert sie? Was muss ich beachten?<\/p>\r\n<\/div>\r\n<div class=\"csc-default\">\r\n<p>Um Ihnen Ihre Entscheidung etwas zu erleichtern, stellen wir Ihnen hier die wichtigsten Stationen einer Blutspende vor und hoffen, auch Sie bald bei einem unserer <a href=\"https:\/\/www.drk-blutspende.de\/blutspendetermine\/\">Blutspendetermine<\/a> begr\u00fc\u00dfen zu d\u00fcrfen.<\/p>\r\n<\/div>\r\n<\/div>\r\n<\/div>\r\n<\/div>\r\n<\/div>\r\n<div id=\"c18256\" class=\"o-cms-content\">\r\n<h2 class=\"o-cms-content__headline\" style=\"padding-left: 120px;\"><span style=\"color: #ff0000;\">\u00a0 \u00a0 \u00a0 \u00a0Anmeldung<\/span><\/h2>\r\n<figure style=\"width: 422px\" class=\"wp-caption alignright\"><img loading=\"lazy\" decoding=\"async\" title=\"Foto: D. Ende \/ DRK e.V.\" src=\"https:\/\/www.drk-emsland.de\/fileadmin\/Bilder_und_Videos\/Spenden\/Blutspende\/Ende-Blutspende-Berlin-_18_.jpg\" alt=\"Ablauf einer Blutspende\" width=\"422\" height=\"281\" \/><figcaption class=\"wp-caption-text\"><span style=\"color: #ff0000;\">Foto: D. Ende\u00a0<\/span><\/figcaption><\/figure>\r\n<div class=\"o-cms-content__body\">\r\n<div class=\"o-media o-media--right\">\r\n<figure class=\"o-media__img o-media__img--fill\">\r\n<div class=\"o-media__imageholder\" style=\"padding-left: 120px;\">An der Anmeldung werden zuerst Ihre pers\u00f6nlichen Daten \u00fcberpr\u00fcft. Bei Erstspendern werden diese Daten von uns erfasst, denn wir m\u00fcssen jede Spende genau dokumentieren. Hierf\u00fcr ben\u00f6tigen Sie nicht nur Ihren Blutspender- und Unfallhilfepass sondern auch unbedingt einen g\u00fcltigen Lichtbildausweis (z.B. Personalausweis).<\/div>\r\n<\/figure>\r\n<\/div>\r\n<\/div>\r\n<\/div>\r\n<div id=\"c18257\" class=\"o-cms-content\">\r\n<h4>\u00a0<\/h4>\r\n<h2>\u00a0<\/h2>\r\n<h2>\u00a0<\/h2>\r\n<h2>\u00a0<\/h2>\r\n<h2>\u00a0<\/h2>\r\n<h2 class=\"o-cms-content__headline\" style=\"padding-left: 160px;\"><strong><span style=\"color: #ff0000;\">Feststellung wichtiger Gesundheitsdaten<\/span><\/strong><\/h2>\r\n<div class=\"o-cms-content__body\">\r\n<div class=\"o-media o-media--right\">\r\n<figure class=\"o-media__img o-media__img--fill\">\r\n<div class=\"o-media__imageholder\">\r\n<figure style=\"width: 383px\" class=\"wp-caption alignright\"><img loading=\"lazy\" decoding=\"async\" src=\"https:\/\/www.drk-emsland.de\/fileadmin\/Bilder_und_Videos\/Spenden\/Blutspende\/Ende-Blutspende-Berlin-_47_.jpg\" alt=\"Temperatur messen\" width=\"383\" height=\"255\" \/><figcaption class=\"wp-caption-text\"><span style=\"color: #ff0000;\">Foto: D. Ende \/ DRK e.V.<\/span><\/figcaption><\/figure>\r\n<\/div>\r\n<\/figure>\r\n<div class=\"o-media__body\">\r\n<p style=\"padding-left: 160px;\">Danach werden die K\u00f6rpertemperatur (im Ohr) und der Blutfarbstoffgehalt (H\u00e4moglobinwert) festgestellt. Ein winziges Tr\u00f6pfchen aus der Fingerkuppe oder dem Ohrl\u00e4ppchen reicht daf\u00fcr aus. Blutdruck und Puls werden gemessen und alle Werte werden dokumentiert. Diese Daten geben zusammen mit dem ausgef\u00fcllten Anamnese-Fragebogen dem Arzt wertvolle Hinweise f\u00fcr seine Entscheidung \u00fcber die Zulassung zur Blutspende.<\/p>\r\n<\/div>\r\n<\/div>\r\n<\/div>\r\n<\/div>\r\n<div id=\"c18258\" class=\"o-cms-content\">\r\n<h4>\u00a0<\/h4>\r\n<h4>\u00a0<\/h4>\r\n<h4>\u00a0<\/h4>\r\n<h2>\u00a0<\/h2>\r\n<h2 class=\"o-cms-content__headline\" style=\"padding-left: 160px;\"><strong><span style=\"color: #ff0000;\">Anamnese<\/span><\/strong><\/h2>\r\n<div class=\"o-cms-content__body\">\r\n<div class=\"o-media o-media--right\">\r\n<figure class=\"o-media__img o-media__img--fill\">\r\n<div class=\"o-media__imageholder\">\r\n<figure style=\"width: 383px\" class=\"wp-caption alignright\"><img loading=\"lazy\" decoding=\"async\" src=\"https:\/\/www.drk-emsland.de\/fileadmin\/Bilder_und_Videos\/Spenden\/Blutspende\/Ende-Blutspende-Berlin-_57_.jpg\" alt=\"Arztgespr\u00e4ch\" width=\"383\" height=\"255\" \/><figcaption class=\"wp-caption-text\"><span style=\"color: #ff0000;\">Foto: D. Ende \/ DRK e.V.<\/span><\/figcaption><\/figure>\r\n<\/div>\r\n<\/figure>\r\n<div class=\"o-media__body\">\r\n<div>\r\n<p style=\"text-align: left; padding-left: 160px;\">Vor jeder Blutspende f\u00fcllen Sie einen ausf\u00fchrlichen Fragebogen bez\u00fcglich Ihrer gesundheitlichen Vorgeschichte aus.<\/p>\r\n<\/div>\r\n<\/div>\r\n<\/div>\r\n<\/div>\r\n<\/div>\r\n<h2 style=\"padding-left: 160px;\"><strong><span style=\"color: #ff0000;\">Spenderzulassung<\/span><\/strong><\/h2>\r\n<div id=\"c18258\" class=\"o-cms-content\">\r\n<div class=\"o-cms-content__body\">\r\n<div class=\"o-media o-media--right\">\r\n<div class=\"o-media__body\">\r\n<div>\r\n<p style=\"padding-left: 160px;\">Ein approbierter Arzt bespricht mit Ihnen den ausgef\u00fcllten Fragebogen, die erhobenen Gesundheitsdaten und entscheidet dann, ob Sie zur Blutspende zugelassen werden k\u00f6nnen, oder ob Sie zeitlich befristet oder sogar auf Dauer von einer Blutspende ausgeschlossen werden m\u00fcssen. Die Gr\u00fcnde werden Ihnen selbstverst\u00e4ndlich erl\u00e4utert.<\/p>\r\n<\/div>\r\n<\/div>\r\n<\/div>\r\n<\/div>\r\n<\/div>\r\n<div id=\"c18259\" class=\"o-cms-content\">\r\n<h2>\u00a0<\/h2>\r\n<h2 class=\"o-cms-content__headline\" style=\"padding-left: 160px;\"><span style=\"color: #ff0000;\">Blutentnahme<\/span><\/h2>\r\n<div class=\"o-cms-content__body\">\r\n<div class=\"o-media o-media--right\">\r\n<figure class=\"o-media__img o-media__img--fill\">\r\n<div class=\"o-media__imageholder\">\r\n<figure style=\"width: 383px\" class=\"wp-caption alignright\"><img loading=\"lazy\" decoding=\"async\" src=\"https:\/\/www.drk-emsland.de\/fileadmin\/Bilder_und_Videos\/Spenden\/Blutspende\/Ende-Blutspende-Berlin-_74_.jpg\" alt=\"Blutabnahme\" width=\"383\" height=\"255\" \/><figcaption class=\"wp-caption-text\"><span style=\"color: #ff0000;\">Foto: D. Ende \/ DRK e.V<\/span><\/figcaption><\/figure>\r\n<\/div>\r\n<\/figure>\r\n<div class=\"o-media__body\">\r\n<p style=\"padding-left: 160px;\">Nun folgt die eigentliche Blutspende. Sie legen sich aufs Entnahmebett. Nach einem kleinen Pieks durch eine unserer erfahrenen Krankenschwestern werden Ihnen ca. 500 ml Blut entnommen. Zus\u00e4tzlich bef\u00fcllen wir drei bzw. vier Laborr\u00f6hrchen f\u00fcr die Untersuchung Ihrer Blutspende in unserem Labor. Das dauert ungef\u00e4hr 10 Minuten. Der Einstich wird mit einem Pflaster oder einem kleinen Verband geschlossen.<\/p>\r\n<\/div>\r\n<\/div>\r\n<\/div>\r\n<\/div>\r\n<div id=\"c18260\" class=\"o-cms-content\">\r\n<h4>\u00a0<\/h4>\r\n<\/div>\r\n<\/div>\r\n<\/div>\r\n<h4>\u00a0<\/h4>\r\n<p>&nbsp;<\/p>\r\n<div class=\"wp-block-group\">\r\n<div class=\"wp-block-group__inner-container\">\r\n<div id=\"c18260\" class=\"o-cms-content\">\r\n<h2 class=\"o-cms-content__headline\" style=\"padding-left: 160px;\"><span style=\"color: #ff0000;\">Ruhezeit und Verpflegung<\/span><\/h2>\r\n<div class=\"o-cms-content__body\">\r\n<div class=\"o-media o-media--right\">\r\n<figure class=\"o-media__img o-media__img--fill\">\r\n<div class=\"o-media__imageholder\">\r\n<figure style=\"width: 380px\" class=\"wp-caption alignright\"><img loading=\"lazy\" decoding=\"async\" src=\"https:\/\/www.drk-emsland.de\/fileadmin\/Bilder_und_Videos\/Spenden\/Blutspende\/Ende-Blutspende-Berlin-_93_.jpg\" alt=\"Verpflegung\" width=\"380\" height=\"253\" \/><figcaption class=\"wp-caption-text\"><span style=\"color: #ff0000;\">Foto: D. Ende \/ DRK e.V. <\/span><\/figcaption><\/figure>\r\n<\/div>\r\n<\/figure>\r\n<div class=\"o-media__body\">\r\n<div class=\"csc-textpic-text\">\r\n<p style=\"padding-left: 160px;\">Nach der Blutentnahme sollten Sie etwa 10 Minuten ruhen, damit sich Ihr Kreislauf an die ver\u00e4nderten Bedingungen nach der Blutentnahme gew\u00f6hnen kann. Anschlie\u00dfend treffen Sie sich mit den anderen Spendern bei einem Imbiss. Sollten Sie sich nicht wohl f\u00fchlen, so ist medizinisch geschultes Personal sofort verf\u00fcgbar. Sie haben jetzt etwa eine Stunde Ihrer Zeit geopfert, aber geholfen, Leben zu retten.<\/p>\r\n<\/div>\r\n<\/div>\r\n<\/div>\r\n<\/div>\r\n<\/div>\r\n<div id=\"c18267\" class=\"o-cms-content\">\r\n<div class=\"o-cms-content__body\">\r\n<div class=\"o-media o-media--stacked\">\r\n<div class=\"o-media__body\">\r\n<div class=\"csc-default\">\r\n<div class=\"csc-textpic-text\">\r\n<h3>\u00a0<\/h3>\r\n<h3>\u00a0<\/h3>\r\n<h3>\u00a0<\/h3>\r\n<h2 style=\"padding-left: 160px;\"><strong><span style=\"color: #ff0000;\">Allgemeine Informationen zur Blutspende<\/span><\/strong><\/h2>\r\n<p style=\"padding-left: 160px;\">Von der Anmeldung zur Blutspende \u00fcber deren Ablauf, den n\u00e4chsten Blutspendedienst in Ihrer Nachbarschaft bis zu Ihren pers\u00f6nlichen Voraussetzungen erhalten Sie <a class=\"external-link-new-window\" title=\"hier alle Informationen \u00fcber die Blutspende beim DRK\" href=\"http:\/\/www.drk-blutspende.de\/\" target=\"_blank\" rel=\"noopener noreferrer\">hier alle Informationen \u00fcber die Blutspende beim DRK<\/a>.<\/p>\r\n<\/div>\r\n<\/div>\r\n<div class=\"csc-default\">\r\n<h2>\u00a0<\/h2>\r\n<h2 style=\"padding-left: 160px;\"><span style=\"color: #ff0000;\">Adress\u00e4nderung<\/span><\/h2>\r\n<p style=\"padding-left: 160px;\">Sie m\u00f6chten Ihren Adresseintrag im Verteiler der DRK-Blutspendedienste \u00e4ndern?<br \/><a class=\"external-link-new-window\" title=\"Hier geht es zur Adress\u00e4nderung\" href=\"https:\/\/www.drk-blutspende.de\/adressaenderung\/index.php\" target=\"_self\" rel=\"noopener noreferrer\">Hier geht es zur Adress\u00e4nderung<\/a><\/p>\r\n<\/div>\r\n<\/div>\r\n<\/div>\r\n<\/div>\r\n<\/div>\r\n<p>&nbsp;<\/p>\r\n<h2 style=\"padding-left: 160px;\"><a href=\"https:\/\/www.drk-blutspende.de\/blutspendetermine\/\" target=\"_blank\" rel=\"noopener noreferrer\">Hier finden Sie die aktuellen Blutspendetermine\u2026<\/a><\/h2>\r\n<h2>\u00a0<\/h2>\r\n<h2 class=\"c-teaser__title\" style=\"padding-left: 160px;\"><a class=\"o-cms-content__header-link\" title=\"DRK-Blutspendedienst\" href=\"https:\/\/www.drk-blutspende.de\/\">DRK-Blutspendedienst <\/a><\/h2>\r\n<p style=\"padding-left: 160px;\">Informationen der DRK-Blutspendedienste zur Blutspende und Blutspendeterminen, sowie Wissen \u00fcber Blut und neuen Service f\u00fcr Blutspender.<br \/><a class=\"c-teaser__link\" title=\"DRK-Blutspendedienst\" href=\"https:\/\/www.drk-blutspende.de\/\"> Weiterlesen <\/a><\/p>\r\n<\/div>\r\n<\/div>\r\n","protected":false},"excerpt":{"rendered":"<p>T\u00e4glich werden in Deutschland rund 15.000 Blutspenden ben\u00f6tigt. Die sechs DRK-Blutspendedienste in Deutschland sorgen f\u00fcr eine sichere und gesicherte Versorgung mit Blut sowie Blutpr\u00e4paraten rund um die Uhr an 365 Tagen im Jahr. Im Emsland sorgen die DRK-Ortsvereine und auch der Kreisverband f\u00fcr die Organisation und Umsetzung der zahlreichen Termine, bei denen Freiwillige ihre Spende &hellip; <a href=\"https:\/\/xn--drk-drpen-47a.de\/?page_id=30\">Continued<\/a><\/p>\n","protected":false},"author":1,"featured_media":57,"parent":0,"menu_order":0,"comment_status":"closed","ping_status":"closed","template":"template-custom.php","meta":{"footnotes":""},"_links":{"self":[{"href":"https:\/\/xn--drk-drpen-47a.de\/index.php?rest_route=\/wp\/v2\/pages\/30"}],"collection":[{"href":"https:\/\/xn--drk-drpen-47a.de\/index.php?rest_route=\/wp\/v2\/pages"}],"about":[{"href":"https:\/\/xn--drk-drpen-47a.de\/index.php?rest_route=\/wp\/v2\/types\/page"}],"author":[{"embeddable":true,"href":"https:\/\/xn--drk-drpen-47a.de\/index.php?rest_route=\/wp\/v2\/users\/1"}],"replies":[{"embeddable":true,"href":"https:\/\/xn--drk-drpen-47a.de\/index.php?rest_route=%2Fwp%2Fv2%2Fcomments&post=30"}],"version-history":[{"count":23,"href":"https:\/\/xn--drk-drpen-47a.de\/index.php?rest_route=\/wp\/v2\/pages\/30\/revisions"}],"predecessor-version":[{"id":543,"href":"https:\/\/xn--drk-drpen-47a.de\/index.php?rest_route=\/wp\/v2\/pages\/30\/revisions\/543"}],"wp:featuredmedia":[{"embeddable":true,"href":"https:\/\/xn--drk-drpen-47a.de\/index.php?rest_route=\/wp\/v2\/media\/57"}],"wp:attachment":[{"href":"https:\/\/xn--drk-drpen-47a.de\/index.php?rest_route=%2Fwp%2Fv2%2Fmedia&parent=30"}],"curies":[{"name":"wp","href":"https:\/\/api.w.org\/{rel}","templated":true}]}}