{"id":510,"date":"2021-04-04T19:16:00","date_gmt":"2021-04-04T18:16:00","guid":{"rendered":"http:\/\/xn--drk-drpen-47a.de\/?page_id=510"},"modified":"2021-10-18T15:11:53","modified_gmt":"2021-10-18T14:11:53","slug":"erste-hilfe-und-sanitaetsdienstausbildung","status":"publish","type":"page","link":"https:\/\/xn--drk-drpen-47a.de\/?page_id=510","title":{"rendered":"Erste Hilfe und Sanit\u00e4tsdienstausbildung"},"content":{"rendered":"<h1 class=\"o-cms-content__headline\">Erste Hilfe Ausbildung<\/h1>\r\n\r\n<p><strong>Der Erste Hilfe Kurs beim DRK wendet sich grunds\u00e4tzlich an alle Interessierten, da keinerlei Vorkenntnisse erforderlich sind. Die hohe Anzahl von Notf\u00e4llen in den verschiedensten Bereichen macht es dringend notwendig, m\u00f6glichst viele Ersthelfer auszubilden. Unsere Kurse finden in unseren Gesch\u00e4ftsstellen in Lingen, Meppen, Papenburg, beim DRK Ortsverein D\u00f6rpen sowie in vielen weiteren Einrichtungen im Emsland und dar\u00fcber hinaus statt.<\/strong><\/p>\r\n\r\n\r\n\r\n<p class=\"has-blue-color has-text-color\" style=\"font-size: 15px;\"><strong>Alle Kurse finden nach den aktuellen Corona Vorschriften des Landkreises Emsland und der Berufsgenossenschaften statt.<\/strong><\/p>\r\n\r\n\r\n\r\n<p class=\"has-text-align-center has-primary-color has-text-color\" style=\"font-size: 24px;\"><strong>Seit 2020 finden wieder DRK Erste Hilfe Kurse im Geb\u00e4ude des Ortsvereins in der Forst-Arenberg-Stra\u00dfe 11, 26892 D\u00f6rpen statt. <\/strong><\/p>\r\n\r\n\r\n\r\n\r\n\r\n\r\n\r\n\r\n\r\n<figure class=\"wp-block-gallery columns-2 is-cropped wp-block-gallery-1 is-layout-flex wp-block-gallery-is-layout-flex\">\r\n<figure><img loading=\"lazy\" decoding=\"async\" width=\"1024\" height=\"461\" class=\"wp-image-522 aligncenter\" src=\"https:\/\/xn--drk-drpen-47a.de\/wp-content\/uploads\/2021\/04\/Leersaal-2-1024x461.jpg\" alt=\"\" data-id=\"522\" data-full-url=\"https:\/\/xn--drk-drpen-47a.de\/wp-content\/uploads\/2021\/04\/Leersaal-2-scaled.jpg\" data-link=\"https:\/\/xn--drk-drpen-47a.de\/?attachment_id=522\" srcset=\"https:\/\/xn--drk-drpen-47a.de\/wp-content\/uploads\/2021\/04\/Leersaal-2-1024x461.jpg 1024w, https:\/\/xn--drk-drpen-47a.de\/wp-content\/uploads\/2021\/04\/Leersaal-2-300x135.jpg 300w, https:\/\/xn--drk-drpen-47a.de\/wp-content\/uploads\/2021\/04\/Leersaal-2-768x346.jpg 768w, https:\/\/xn--drk-drpen-47a.de\/wp-content\/uploads\/2021\/04\/Leersaal-2-1536x692.jpg 1536w, https:\/\/xn--drk-drpen-47a.de\/wp-content\/uploads\/2021\/04\/Leersaal-2-2048x922.jpg 2048w\" sizes=\"(max-width: 1024px) 100vw, 1024px\" \/><\/figure>\r\n<figure><img loading=\"lazy\" decoding=\"async\" width=\"1024\" height=\"461\" class=\"wp-image-523 aligncenter\" src=\"https:\/\/xn--drk-drpen-47a.de\/wp-content\/uploads\/2021\/04\/Lehrsaal-1-1024x461.jpg\" alt=\"\" data-id=\"523\" data-full-url=\"https:\/\/xn--drk-drpen-47a.de\/wp-content\/uploads\/2021\/04\/Lehrsaal-1-scaled.jpg\" data-link=\"https:\/\/xn--drk-drpen-47a.de\/?attachment_id=523\" srcset=\"https:\/\/xn--drk-drpen-47a.de\/wp-content\/uploads\/2021\/04\/Lehrsaal-1-1024x461.jpg 1024w, https:\/\/xn--drk-drpen-47a.de\/wp-content\/uploads\/2021\/04\/Lehrsaal-1-300x135.jpg 300w, https:\/\/xn--drk-drpen-47a.de\/wp-content\/uploads\/2021\/04\/Lehrsaal-1-768x346.jpg 768w, https:\/\/xn--drk-drpen-47a.de\/wp-content\/uploads\/2021\/04\/Lehrsaal-1-1536x692.jpg 1536w, https:\/\/xn--drk-drpen-47a.de\/wp-content\/uploads\/2021\/04\/Lehrsaal-1-2048x922.jpg 2048w\" sizes=\"(max-width: 1024px) 100vw, 1024px\" \/><\/figure>\r\n<\/figure>\r\n\r\n\r\n\r\n<p>Unser Schulungsraum beim DRK Ortsverein D\u00f6rpen entspricht den Vorschriften der Berufsgenossenschaften. Er verf\u00fcgt u.a. \u00fcber Beamer, Flipchart, Internetanschluss, freies WLan (bei Bedarf). F\u00fcr Fallbeispiele und praktische \u00dcbungen k\u00f6nnen wir auf die Fahrzeughalle mit kleinere Werkstatt und Hochregal sowie eine gro\u00dfe Freifl\u00e4che zur\u00fcckgreifen.<\/p>\r\n\r\n\r\n\r\n<p>Die Ausbildung wir im Namen des DRK Emsland durchgef\u00fchrt. Als Ansprechpartner beim Kreisverband steht Ihnen\u00a0<a>Norbert Boyer<\/a> (Tel.: 0591 80033-1051) zur Verf\u00fcgung. Sie k\u00f6nnen sich aber auch direkt an unseren Ausbilder Hans Hermann Funke (Tel. 0172 5340280) wenden.<\/p>\r\n\r\n\r\n\r\n<h3 class=\"wp-block-heading\">Themen und Anwendungen<\/h3>\r\n\r\n\r\n\r\n<ul>\r\n<li>Eigenschutz und Absichern von Unf\u00e4llen<\/li>\r\n<li>Helfen bei Unf\u00e4llen<\/li>\r\n<li>Wundversorgung<\/li>\r\n<li>Umgang mit Gelenkverletzungen und Knochenbr\u00fcchen<\/li>\r\n<li>Verbrennungen, Hitze-\/K\u00e4ltesch\u00e4den<\/li>\r\n<li>Ver\u00e4tzungen<\/li>\r\n<li>Vergiftungen<\/li>\r\n<li>lebensrettende Sofortma\u00dfnahmen wie stabile Seitenlage und Herz-Lungen-Wiederbelebung (HLW)<\/li>\r\n<li>Einsatz Automatischer-Externer-Defibrillator (AED)<\/li>\r\n<li>zahlreiche praktische \u00dcbungsm\u00f6glichkeiten<\/li>\r\n<\/ul>\r\n\r\n\r\n\r\n<h5 class=\"wp-block-heading\">Eine zus\u00e4tzliche Auflistung aller Termine finden Sie auch\u00a0<a href=\"https:\/\/www.kurs-anmeldung.de\/go.dll\/?Lic=2237\" target=\"_blank\" rel=\"noreferrer noopener\">hier<\/a> <strong><em>(Link zur Seite des DRK Kreisverband Emsland)<\/em><\/strong>.<\/h5>\r\n\r\n\r\n\r\n<p class=\"has-text-align-left has-primary-color has-text-color\" style=\"font-size: 17px;\"><strong>Keinen passenden Termin gefunden? <\/strong><\/p>\r\n<p class=\"has-text-align-left has-primary-color has-text-color\" style=\"font-size: 17px;\">F\u00fcr Gruppen k\u00f6nnen wir individuelle Termine anbieten. Bei Fragen wenden sie sich an unsere Ausbilder Hans-Hermann Funke, Sabrina Schulte oder unseren Ansprechpartner beim DRK Kreisverband Emsland.<\/p>\r\n\r\n\r\n\r\n<ul>\r\n<li><a href=\"https:\/\/www.drk-emsland.de\/kurse\/erste-hilfe\/erste-hilfe-ausbildung-dguv.html#accordion-content-19267\">Formulare und Antr\u00e4ge f\u00fcr BG-Teilnehmer<\/a> Hier gelangen Sie direkt zu den jeweiligen Berufsgenossenschaften und den f\u00fcr die Anmeldung zum Erste Hilfe Kurs n\u00f6tigen Formulare, sofern \u00fcber eine Berufsgenossenschaft abgerechnet werden soll.\r\n<ul>\r\n<li><a href=\"https:\/\/www.drk-emsland.de\/fileadmin\/Eigene_Bilder_und_Videos\/Erste_Hilfe\/BG_Anmeldeformular_2018.pdf\">allgemeines BG-Anmeldeformular<\/a> Antr\u00e4ge auf Kosten\u00fcbernahme:<\/li>\r\n<\/ul>\r\n<ul>\r\n<li><a href=\"https:\/\/formulare.bgw-online.de\/lip\/form\/display.do?%24context=E272B3B462A3FF56C86D\" target=\"_blank\" rel=\"noreferrer noopener\">Berufsgenossenschaft Gesundheitsdienste und Wohlfahrtspflege (Online-Verfahren starten!)<\/a><\/li>\r\n<li><a href=\"https:\/\/praevention.portal.bgn.de\/11248?wc_lkm=11759\" target=\"_blank\" rel=\"noreferrer noopener\">Berufsgenossenschaft Nahrungsmittel<\/a><\/li>\r\n<li><a href=\"http:\/\/www.lukn.de\/praevention\/erste-hilfe-antragsverfahren\/Antraege\/20180620_KiTa.pdf?m=1530166793\" target=\"_blank\" rel=\"noreferrer noopener\">Kinderg\u00e4rten (GUVH\/LUKN)<\/a><\/li>\r\n<li><a href=\"http:\/\/www.lukn.de\/praevention\/erste-hilfe-antragsverfahren\/Antraege\/20180620_Schule.pdf?m=1530167210\" target=\"_blank\" rel=\"noreferrer noopener\">Schulen (GUVH\/LUKN)<\/a><\/li>\r\n<li><a href=\"http:\/\/www.lukn.de\/praevention\/erste-hilfe-antragsverfahren\/Antraege\/20180620_Betriebe.pdf?m=1529572629\" target=\"_blank\" rel=\"noreferrer noopener\">Betriebe (GUVH\/LUKN)<\/a><\/li>\r\n<li><a href=\"http:\/\/www.lukn.de\/praevention\/erste-hilfe-antragsverfahren\/Antraege\/20180620_Tagespflege.pdf?m=1529572700\" target=\"_blank\" rel=\"noreferrer noopener\">Kinder-Tagespflege (GUVH\/LUKN)<\/a><\/li>\r\n<\/ul>\r\n<\/li>\r\n<\/ul>\r\n\r\n\r\n\r\n<h3 class=\"wp-block-heading\">\u00dcbersicht unserer Erste Hilfe Kurse<\/h3>\r\n\r\n\r\n\r\n<figure class=\"wp-block-table is-style-stripes\">\r\n<table>\r\n<tbody>\r\n<tr>\r\n<th>Lehrgang<\/th>\r\n<th>Lehrgangsumfang<\/th>\r\n<th>Lehrgangsbeschreibung<\/th>\r\n<\/tr>\r\n<tr>\r\n<td>Erste Hilfe Ausbildung<\/td>\r\n<td>1 Tag, insgesamt 9 Unterrichtseinheiten<\/td>\r\n<td>Grundlehrgang f\u00fcr alle; Voraussetzung f\u00fcr F\u00fchrerscheine der Klasse A,B,C, Pflicht f\u00fcr \u00dcbungsleiter in Sportvereinen, betriebliche Ersthelfer etc.<\/td>\r\n<\/tr>\r\n<tr>\r\n<td>Erste Hilfe am Kind<\/td>\r\n<td>9 Unterrichtseinheiten \u00e1 45 Minuten<\/td>\r\n<td>Erste Hilfe bei Kindernotf\u00e4llen und Kinderkrankheiten<\/td>\r\n<\/tr>\r\n<tr>\r\n<td>Erste Hilfe Fortbildung<\/td>\r\n<td>1 Tag, insgesamt 9 Unterrichtseinheiten<\/td>\r\n<td>Vertiefung der Kenntnisse aus dem Erste Hilfe Kurs<\/td>\r\n<\/tr>\r\n<\/tbody>\r\n<\/table>\r\n<figcaption><br \/>Nach Absprache k\u00f6nnen die Unterrichtseinheiten auch auf mehrere Tage verteilt werden.<\/figcaption>\r\n<\/figure>\r\n\r\n\r\n\r\n\r\n\r\n\r\n\r\n<p>&nbsp;<\/p>\r\n\r\n\r\n\r\n<h1 class=\"wp-block-heading\">Sanit\u00e4tsdienstausbildung<\/h1>\r\n\r\n\r\n\r\n<p><strong>Die Sanit\u00e4tsdienstausbildung beim DRK ist eine Fachdienstausbildung der Bereitschaften. Die Ausbildung beinhaltet neben dem theoretischen Teil auch intensive \u00dcbungseinheiten, um die Hilfsma\u00dfnahmen jederzeit sicher anwenden zu k\u00f6nnen. Der Lehrgang schlie\u00dft mit einer theoretischen und praktischen Pr\u00fcfung\u00a0ab. <\/strong><\/p>\r\n\r\n\r\n\r\n<p>Der Lehrgang dauert 48 Stunden + Pr\u00fcfung<\/p>\r\n\r\n\r\n\r\n<p>Bei Fragen steht Ihnen Hans Hermann Funke (Tel.: 0172 5340280) zur Verf\u00fcgung.<\/p>\r\n\r\n\r\n\r\n<h3 class=\"wp-block-heading\">Themen und Anwendungen<\/h3>\r\n\r\n\r\n\r\n<ul>\r\n<li>Vertiefung und Wiederholung der Themen der Erste Hilfe<\/li>\r\n<li>Rettung und Transport<\/li>\r\n<li>Ruhigstellungstechniken,<\/li>\r\n<li>Umgang mit Vakuummatratze<\/li>\r\n<li>Patienten auf Spineboard ruhigstellen<\/li>\r\n<li>Organisation und Rechtsfragen<\/li>\r\n<li>Hygiene Desinfektionsma\u00dfnahmen, Hygieneplan anwenden<\/li>\r\n<li>Psychische Erste Hilfe leisten<\/li>\r\n<li>Helfer des Arztes, Infusion vorbereiten, anreichen und sichern<\/li>\r\n<li>Intubation vorbereiten, anreichen und sichern<\/li>\r\n<li>Sauerstoff anbieten, verabreichen<\/li>\r\n<li>Lagerungen<\/li>\r\n<li>zahlreiche praktische \u00dcbungsm\u00f6glichkeiten<\/li>\r\n<\/ul>\r\n\r\n\r\n","protected":false},"excerpt":{"rendered":"<p>Erste Hilfe Ausbildung Der Erste Hilfe Kurs beim DRK wendet sich grunds\u00e4tzlich an alle Interessierten, da keinerlei Vorkenntnisse erforderlich sind. Die hohe Anzahl von Notf\u00e4llen in den verschiedensten Bereichen macht es dringend notwendig, m\u00f6glichst viele Ersthelfer auszubilden. Unsere Kurse finden in unseren Gesch\u00e4ftsstellen in Lingen, Meppen, Papenburg, beim DRK Ortsverein D\u00f6rpen sowie in vielen weiteren &hellip; <a href=\"https:\/\/xn--drk-drpen-47a.de\/?page_id=510\">Continued<\/a><\/p>\n","protected":false},"author":1,"featured_media":0,"parent":0,"menu_order":0,"comment_status":"closed","ping_status":"closed","template":"","meta":{"footnotes":""},"_links":{"self":[{"href":"https:\/\/xn--drk-drpen-47a.de\/index.php?rest_route=\/wp\/v2\/pages\/510"}],"collection":[{"href":"https:\/\/xn--drk-drpen-47a.de\/index.php?rest_route=\/wp\/v2\/pages"}],"about":[{"href":"https:\/\/xn--drk-drpen-47a.de\/index.php?rest_route=\/wp\/v2\/types\/page"}],"author":[{"embeddable":true,"href":"https:\/\/xn--drk-drpen-47a.de\/index.php?rest_route=\/wp\/v2\/users\/1"}],"replies":[{"embeddable":true,"href":"https:\/\/xn--drk-drpen-47a.de\/index.php?rest_route=%2Fwp%2Fv2%2Fcomments&post=510"}],"version-history":[{"count":13,"href":"https:\/\/xn--drk-drpen-47a.de\/index.php?rest_route=\/wp\/v2\/pages\/510\/revisions"}],"predecessor-version":[{"id":575,"href":"https:\/\/xn--drk-drpen-47a.de\/index.php?rest_route=\/wp\/v2\/pages\/510\/revisions\/575"}],"wp:attachment":[{"href":"https:\/\/xn--drk-drpen-47a.de\/index.php?rest_route=%2Fwp%2Fv2%2Fmedia&parent=510"}],"curies":[{"name":"wp","href":"https:\/\/api.w.org\/{rel}","templated":true}]}}